{"id":2787,"date":"2022-10-13T10:19:49","date_gmt":"2022-10-13T08:19:49","guid":{"rendered":"https:\/\/institut-ms.de\/shop\/?post_type=product&#038;p=2787"},"modified":"2022-10-17T11:24:28","modified_gmt":"2022-10-17T09:24:28","slug":"grundkurs-kurs-1","status":"publish","type":"product","link":"https:\/\/institut-ms.de\/shop\/index.php\/produkt\/grundkurs-kurs-1\/","title":{"rendered":"Grundkurs &#8211; Kurs 1"},"content":{"rendered":"<p>Grundkurs<\/p>\n<p>Kurs 1<\/p>\n<p>Online Learning bestehend aus:<\/p>\n<p>&#8211; 29 Kapitel mit unterschiedlicher L\u00e4nge (zwischen 13 &#8211; 50 Min.)<br \/>\n&#8211; Gesamtl\u00e4nge ca. 9 Std.<br \/>\n&#8211; Lernunterlage: Skript in Form von PDF (DIN A4, 4c) als Download<\/p>\n<p>Du erh\u00e4ltst nach dem Kauf eine Rechnung per E-Mail, diese enth\u00e4lt Deinen pers\u00f6nlichen Zugangslink.<br \/>\nHier\u00fcber kannst Du Dich anmelden und in Deiner pers\u00f6nlichen Bibliothek Dein Video ansehen.<br \/>\nDas Video kannst Du so oft ansehen, wie Du m\u00f6chtest.<\/p>\n<p>Bitte beachte, dass wir echte Menschen sind und keine Funnelsysteme zum Verkauf benutzt werden.<br \/>\nDas bedeutet, wir k\u00f6nnen direkt helfen, aber das Sekretariat ist nur von<br \/>\nMo. &#8211; Fr. in der Zeit zwischen 8 und 12 Uhr besetzt.<\/p>\n<p>In dieser Zeit werden auch die Bestellungen bearbeitet und die E-Mails verschickt.<\/p>\n<p>Falls Du Lizenznehmer bist, vergesse bitte nicht Deinen Rabattcode zu nutzen.<br \/>\nBeachte bitte, dass aus technischen Gr\u00fcnden, eine Rabattierung nach dem Kauf nicht mehr erfolgen kann.<\/p>\n","protected":false},"excerpt":{"rendered":"<p>Grundkurs Kurs 1 Online Learning bestehend aus: &#8211; 29 Kapitel mit unterschiedlicher L\u00e4nge (zwischen 13 &#8211; 50 Min.) &#8211; Gesamtl\u00e4nge ca. 9 Std. &#8211; Lernunterlage: Skript in Form von PDF (DIN A4, 4c) als Download Du erh\u00e4ltst nach dem Kauf eine Rechnung per E-Mail, diese enth\u00e4lt Deinen pers\u00f6nlichen Zugangslink. Hier\u00fcber kannst Du Dich anmelden und [&hellip;]<\/p>\n","protected":false},"featured_media":2788,"template":"","meta":{"spay_email":""},"product_cat":[178],"product_tag":[],"_links":{"self":[{"href":"https:\/\/institut-ms.de\/shop\/index.php\/wp-json\/wp\/v2\/product\/2787"}],"collection":[{"href":"https:\/\/institut-ms.de\/shop\/index.php\/wp-json\/wp\/v2\/product"}],"about":[{"href":"https:\/\/institut-ms.de\/shop\/index.php\/wp-json\/wp\/v2\/types\/product"}],"wp:featuredmedia":[{"embeddable":true,"href":"https:\/\/institut-ms.de\/shop\/index.php\/wp-json\/wp\/v2\/media\/2788"}],"wp:attachment":[{"href":"https:\/\/institut-ms.de\/shop\/index.php\/wp-json\/wp\/v2\/media?parent=2787"}],"wp:term":[{"taxonomy":"product_cat","embeddable":true,"href":"https:\/\/institut-ms.de\/shop\/index.php\/wp-json\/wp\/v2\/product_cat?post=2787"},{"taxonomy":"product_tag","embeddable":true,"href":"https:\/\/institut-ms.de\/shop\/index.php\/wp-json\/wp\/v2\/product_tag?post=2787"}],"curies":[{"name":"wp","href":"https:\/\/api.w.org\/{rel}","templated":true}]}}