{"id":2704,"date":"2022-05-13T10:36:27","date_gmt":"2022-05-13T08:36:27","guid":{"rendered":"https:\/\/institut-ms.de\/shop\/?post_type=product&#038;p=2704"},"modified":"2022-11-09T08:53:54","modified_gmt":"2022-11-09T07:53:54","slug":"der-fall-schnupperkurs","status":"publish","type":"product","link":"https:\/\/institut-ms.de\/shop\/index.php\/produkt\/der-fall-schnupperkurs\/","title":{"rendered":"Der Fall &#8220;Schnupperkurs&#8221;"},"content":{"rendered":"<p>Der Fall &#8220;Schnupperkurs&#8221;<\/p>\n<p>Knapp 1 Stunde Videomaterial mit Dokumentation aufgeteilt in 4 Videos mit unterschiedlicher L\u00e4nge<\/p>\n<p>&#8211; Einleitung<br \/>\n&#8211; Erkl\u00e4rung zum Fall und zum Pferd<br \/>\n&#8211; Klinikvideo inkl. Erkl\u00e4rungen<br \/>\n&#8211; Diagnose, Therapie, Prognose<\/p>\n<p><a href=\"https:\/\/institut-ms.de\/index.php\/klinikcases\"><strong><span style=\"color: #003366\">Details zum Fall &#8230;<\/span><\/strong><\/a><\/p>\n<p>Du erh\u00e4ltst nach dem Kauf eine Rechnung per Email, diese enth\u00e4lt Deinen pers\u00f6nlichen Zugangslink.<br \/>\nHier\u00fcber kannst Du Dich anmelden und in Deiner pers\u00f6nlichen Bibliothek Dein Video ansehen.<br \/>\nDas Video kannst Du so oft ansehen, wie Du m\u00f6chtest.<\/p>\n<p>Bitte beachte, dass wir echte Menschen sind und keine Funnelsysteme zum Verkauf benutzt werden.<br \/>\nDas bedeutet, wir k\u00f6nnen direkt helfen, aber das Sekretariat ist nur von<br \/>\nMo. &#8211; Fr. in der Zeit zwischen 8 und 12 Uhr besetzt.<\/p>\n<p>In dieser Zeit werden auch die Bestellungen bearbeitet und die Emails verschickt.<\/p>\n","protected":false},"excerpt":{"rendered":"<p>Der Fall &#8220;Schnupperkurs&#8221; Knapp 1 Stunde Videomaterial mit Dokumentation aufgeteilt in 4 Videos mit unterschiedlicher L\u00e4nge &#8211; Einleitung &#8211; Erkl\u00e4rung zum Fall und zum Pferd &#8211; Klinikvideo inkl. Erkl\u00e4rungen &#8211; Diagnose, Therapie, Prognose Details zum Fall &#8230; Du erh\u00e4ltst nach dem Kauf eine Rechnung per Email, diese enth\u00e4lt Deinen pers\u00f6nlichen Zugangslink. Hier\u00fcber kannst Du Dich [&hellip;]<\/p>\n","protected":false},"featured_media":2705,"template":"","meta":{"spay_email":""},"product_cat":[187],"product_tag":[],"_links":{"self":[{"href":"https:\/\/institut-ms.de\/shop\/index.php\/wp-json\/wp\/v2\/product\/2704"}],"collection":[{"href":"https:\/\/institut-ms.de\/shop\/index.php\/wp-json\/wp\/v2\/product"}],"about":[{"href":"https:\/\/institut-ms.de\/shop\/index.php\/wp-json\/wp\/v2\/types\/product"}],"wp:featuredmedia":[{"embeddable":true,"href":"https:\/\/institut-ms.de\/shop\/index.php\/wp-json\/wp\/v2\/media\/2705"}],"wp:attachment":[{"href":"https:\/\/institut-ms.de\/shop\/index.php\/wp-json\/wp\/v2\/media?parent=2704"}],"wp:term":[{"taxonomy":"product_cat","embeddable":true,"href":"https:\/\/institut-ms.de\/shop\/index.php\/wp-json\/wp\/v2\/product_cat?post=2704"},{"taxonomy":"product_tag","embeddable":true,"href":"https:\/\/institut-ms.de\/shop\/index.php\/wp-json\/wp\/v2\/product_tag?post=2704"}],"curies":[{"name":"wp","href":"https:\/\/api.w.org\/{rel}","templated":true}]}}