{"id":2652,"date":"2022-04-05T09:00:00","date_gmt":"2022-04-05T07:00:00","guid":{"rendered":"https:\/\/institut-ms.de\/shop\/?post_type=product&#038;p=2652"},"modified":"2022-11-09T08:54:21","modified_gmt":"2022-11-09T07:54:21","slug":"der-fall-haflinger-29-jahre","status":"publish","type":"product","link":"https:\/\/institut-ms.de\/shop\/index.php\/produkt\/der-fall-haflinger-29-jahre\/","title":{"rendered":"Der Fall Haflinger &#8211; 2,9 Jahre"},"content":{"rendered":"<p>Der Fall Haflinger 2,9 Jahre<\/p>\n<p>Knapp 4 Stunden Videomaterial mit Dokumentation aufgeteilt in 5 Videos mit unterschiedlicher L\u00e4nge<\/p>\n<p>&#8211; Einleitung<br \/>\n&#8211; Erkl\u00e4rung zum Fall und zum Pferd<br \/>\n&#8211; Klinikvideo inkl. Erkl\u00e4rungen<br \/>\n&#8211; Erkl\u00e4rung mittels Pr\u00e4parate und medizinischer Folien<br \/>\n&#8211; extrahiertes Klinikvideo<br \/>\n&#8211; Diagnose, Therapie, Prognose<\/p>\n<p><a href=\"https:\/\/institut-ms.de\/index.php\/klinikcases\"><strong><span style=\"color: #003366\">Details zum Fall &#8230;<\/span><\/strong><\/a><\/p>\n<p>Du erh\u00e4ltst nach dem Kauf eine Rechnung per Email, diese enth\u00e4lt Deinen pers\u00f6nlichen Zugangslink.<br \/>\nHier\u00fcber kannst Du Dich anmelden und in Deiner pers\u00f6nlichen Bibliothek Dein Video ansehen.<br \/>\nDas Video kannst Du so oft ansehen, wie Du m\u00f6chtest.<\/p>\n<p>Bitte beachte, dass wir echte Menschen sind und keine Funnelsysteme zum Verkauf benutzt werden.<br \/>\nDas bedeutet, wir k\u00f6nnen direkt helfen, aber das Sekretariat ist nur von<br \/>\nMo. &#8211; Fr. in der Zeit zwischen 8 und 12 Uhr besetzt.<\/p>\n<p>In dieser Zeit werden auch die Bestellungen bearbeitet und die Emails verschickt.<\/p>\n","protected":false},"excerpt":{"rendered":"<p>Der Fall Haflinger 2,9 Jahre Knapp 4 Stunden Videomaterial mit Dokumentation aufgeteilt in 5 Videos mit unterschiedlicher L\u00e4nge &#8211; Einleitung &#8211; Erkl\u00e4rung zum Fall und zum Pferd &#8211; Klinikvideo inkl. Erkl\u00e4rungen &#8211; Erkl\u00e4rung mittels Pr\u00e4parate und medizinischer Folien &#8211; extrahiertes Klinikvideo &#8211; Diagnose, Therapie, Prognose Details zum Fall &#8230; Du erh\u00e4ltst nach dem Kauf eine [&hellip;]<\/p>\n","protected":false},"featured_media":2681,"template":"","meta":{"spay_email":""},"product_cat":[187],"product_tag":[],"_links":{"self":[{"href":"https:\/\/institut-ms.de\/shop\/index.php\/wp-json\/wp\/v2\/product\/2652"}],"collection":[{"href":"https:\/\/institut-ms.de\/shop\/index.php\/wp-json\/wp\/v2\/product"}],"about":[{"href":"https:\/\/institut-ms.de\/shop\/index.php\/wp-json\/wp\/v2\/types\/product"}],"wp:featuredmedia":[{"embeddable":true,"href":"https:\/\/institut-ms.de\/shop\/index.php\/wp-json\/wp\/v2\/media\/2681"}],"wp:attachment":[{"href":"https:\/\/institut-ms.de\/shop\/index.php\/wp-json\/wp\/v2\/media?parent=2652"}],"wp:term":[{"taxonomy":"product_cat","embeddable":true,"href":"https:\/\/institut-ms.de\/shop\/index.php\/wp-json\/wp\/v2\/product_cat?post=2652"},{"taxonomy":"product_tag","embeddable":true,"href":"https:\/\/institut-ms.de\/shop\/index.php\/wp-json\/wp\/v2\/product_tag?post=2652"}],"curies":[{"name":"wp","href":"https:\/\/api.w.org\/{rel}","templated":true}]}}